{"id":46,"date":"2025-07-11T09:12:27","date_gmt":"2025-07-11T09:12:27","guid":{"rendered":"https:\/\/www.jullas.fi\/?page_id=46"},"modified":"2025-07-16T08:03:17","modified_gmt":"2025-07-16T08:03:17","slug":"talli","status":"publish","type":"page","link":"https:\/\/www.jullas.fi\/index.php\/talli\/","title":{"rendered":"Jullaksen Kartanon Talli"},"content":{"rendered":"\n<p>Tarjoamme t\u00e4ysihoitotallipaikkoja Kaarinan Kuusistossa Jullaksen Kartanon upeassa milj\u00f6\u00f6ss\u00e4, vain 15km p\u00e4\u00e4ss\u00e4 Turun keskustasta. <\/p>\n\n\n\n<p>Tallipaikkaan sis\u00e4ltyy:<\/p>\n\n\n\n<ul class=\"wp-block-list\">\n<li class=\"has-medium-font-size\">Ruokinta: Hein\u00e4 4krt\/vrk, V\u00e4kirehut 2-3krt\/vrk<\/li>\n\n\n\n<li class=\"has-medium-font-size\">Tarhaus: Koko- tai puolip\u00e4iv\u00e4tarhaus hiekkatarhoissa, kes\u00e4isin laidunmahdollisuus<\/li>\n\n\n\n<li class=\"has-medium-font-size\">Loimitus &amp; suojitus tarpeen mukaan<\/li>\n\n\n\n<li class=\"has-medium-font-size\">K\u00e4velykone<\/li>\n\n\n\n<li class=\"has-medium-font-size\">Karsinoiden siivous 1-2krt\/vrk, puupelletti- tai olkikuivitus<\/li>\n\n\n\n<li class=\"has-medium-font-size\">Kentt\u00e4 (kumirouhe) ja maneesi (kuitupohja, 24&#215;60), estekalusto<\/li>\n\n\n\n<li class=\"has-medium-font-size\">Syksyll\u00e4\/talvella k\u00e4yt\u00f6ss\u00e4 s\u00e4nkipeltoja, lis\u00e4ksi jotain autottomia maastoreittej\u00e4<\/li>\n\n\n\n<li class=\"has-medium-font-size\">Ison kaapin varusteille sek\u00e4 reilusti muuta s\u00e4ilytystilaa <\/li>\n\n\n\n<li class=\"has-medium-font-size\">K\u00e4yt\u00f6ss\u00e4 hoitopaikka, pesupaikka ja solarium<\/li>\n\n\n\n<li class=\"has-medium-font-size\">Pesulapalvelu ja reilusti kuivaustilaa<\/li>\n\n\n\n<li class=\"has-medium-font-size\">Ammattitaitoinen henkil\u00f6kunta apunasi<\/li>\n\n\n\n<li class=\"has-medium-font-size\">Omat valmentajat tervetulleita<\/li>\n<\/ul>\n\n\n\n<p>Hinta 850e\/kk<\/p>\n\n\n\n<p><\/p>\n","protected":false},"excerpt":{"rendered":"<p>Tarjoamme t\u00e4ysihoitotallipaikkoja Kaarinan Kuusistossa Jullaksen Kartanon upeassa milj\u00f6\u00f6ss\u00e4, vain 15km p\u00e4\u00e4ss\u00e4 Turun keskustasta. Tallipaikkaan sis\u00e4ltyy: Hinta 850e\/kk<\/p>\n","protected":false},"author":1,"featured_media":0,"parent":0,"menu_order":1,"comment_status":"closed","ping_status":"closed","template":"","meta":{"footnotes":""},"class_list":["post-46","page","type-page","status-publish","hentry"],"_links":{"self":[{"href":"https:\/\/www.jullas.fi\/index.php\/wp-json\/wp\/v2\/pages\/46","targetHints":{"allow":["GET"]}}],"collection":[{"href":"https:\/\/www.jullas.fi\/index.php\/wp-json\/wp\/v2\/pages"}],"about":[{"href":"https:\/\/www.jullas.fi\/index.php\/wp-json\/wp\/v2\/types\/page"}],"author":[{"embeddable":true,"href":"https:\/\/www.jullas.fi\/index.php\/wp-json\/wp\/v2\/users\/1"}],"replies":[{"embeddable":true,"href":"https:\/\/www.jullas.fi\/index.php\/wp-json\/wp\/v2\/comments?post=46"}],"version-history":[{"count":7,"href":"https:\/\/www.jullas.fi\/index.php\/wp-json\/wp\/v2\/pages\/46\/revisions"}],"predecessor-version":[{"id":83,"href":"https:\/\/www.jullas.fi\/index.php\/wp-json\/wp\/v2\/pages\/46\/revisions\/83"}],"wp:attachment":[{"href":"https:\/\/www.jullas.fi\/index.php\/wp-json\/wp\/v2\/media?parent=46"}],"curies":[{"name":"wp","href":"https:\/\/api.w.org\/{rel}","templated":true}]}}